{"id":185,"date":"2020-07-30T07:43:58","date_gmt":"2020-07-30T07:43:58","guid":{"rendered":"http:\/\/s829868843.mialojamiento.es\/?page_id=185"},"modified":"2020-09-19T07:40:14","modified_gmt":"2020-09-19T07:40:14","slug":"envios","status":"publish","type":"page","link":"https:\/\/www.golfcenteralmeria.com\/?page_id=185","title":{"rendered":"ENVIOS"},"content":{"rendered":"\n<p><strong>V. Env\u00edos<\/strong> Nuestros precios de env\u00edo son, tan s\u00f3lo 6 euros para env\u00edos a Espa\u00f1a peninsular y 12 euros a Baleares. Pida el material que pida, nunca se cobrar\u00e1 m\u00e1s de esta cantidad por el transporte. Golf Center Almerial env\u00eda todos sus productos mediante las empresas de transporte Envialia y puntualmente otras empresas de paqueteria. Alternativamente, el comprador tambi\u00e9n podr\u00e1 recoger su pedido, si as\u00ed lo desea, en nuestra tienda del Club de Golf La Envia o bien enviar a su propia empresa de transportes para realizar la recogida. Nuestro horario es de lunes a domingo de 09:00 a 18:00 .Le recomendamos llamar previamente para garantizar la disponibilidad de su producto. Enviamos a cualquier destino de la Pen\u00ednsula Ib\u00e9rica (Espa\u00f1a y Portugal), y Baleares. El comprador recibir\u00e1 por correo electr\u00f3nico el n\u00famero de seguimiento de su pedido por parte de la empresa de transporte el d\u00eda previo a recibir su material. En los casos de rotura durante el transporte es imprescindible que nos lo comunique por correo a <a href=\"mailto:tienda@golfcenteralmeria.com\">golfcenteralmeria@gmail.com<\/a> \u00f3 telef\u00f3nicamente el mismo d\u00eda de haber recibido la mercanc\u00eda y anotar las incidencias en el albar\u00e1n de entrega del transportista. Recuerde no tirar nunca el embalaje de los productos hasta comprobar que se encuentran en perfecto estado. Antes de abrir el producto, le rogamos que verifique que todos los productos coinciden con los que usted pidi\u00f3 (Modelo, Color, Medida, Acabado, etc&#8230;), haciendo una reclamaci\u00f3n inmediata, en caso de que haya alguna anomal\u00eda. En caso de anomal\u00eda en alg\u00fan producto, le rogamos no lo saque de su embalaje original. No enviamos a apartados de correos ni a oficinas de empresas de transporte, s\u00f3lo a direcciones de clientes. Nuestros tiempos de entrega son de 1-2 d\u00edas laborables en productos en stock (en este caso la disponibilidad de dos d\u00edas siempre viene indicada en el producto), \u00f3 o de 5 a 15 d\u00edas laborables en producto para pedido de encargo o sin stock. En determinados productos con opciones a medida, zurdo y\/o trabajo de taller, el periodo de entrega puede ser superior con tiempos de 15 a 45 d\u00edas laborables. El cliente recibir\u00e1 un mail de env\u00edo de su pedido el d\u00eda previo a su recepci\u00f3n. La entrega se realiza de lunes a viernes en horario de 8:00 a 20:00, no podemos garantizar una hora concreta ni el transportista llama antes de la entrega, le recomendamos poner en el apartado observaciones los horarios preferidos pero recuerde que la entrega no se puede garantizar en una franja horaria determinada. Si los plazos estipulados se sobrepasan el cliente tendr\u00e1 derecho a cancelar su pedido y que se le devuelva el importe abonado. La empresa de transporte realiza dos intentos de entrega, en caso de siguientes intentos o cambios de direcci\u00f3n los gastos corren siempre a cuenta del cliente. <\/p>\n","protected":false},"excerpt":{"rendered":"<p>V. Env\u00edos Nuestros precios de env\u00edo son, tan s\u00f3lo 6 euros para env\u00edos a Espa\u00f1a peninsular y 12 euros a Baleares. Pida el material que pida, nunca se cobrar\u00e1 m\u00e1s de esta cantidad por el transporte. Golf Center Almerial env\u00eda todos sus productos mediante las empresas de transporte Envialia y puntualmente otras empresas de paqueteria.<\/p>\n","protected":false},"author":1,"featured_media":0,"parent":0,"menu_order":0,"comment_status":"closed","ping_status":"closed","template":"","meta":{"footnotes":""},"class_list":["post-185","page","type-page","status-publish","hentry"],"jetpack-related-posts":[],"jetpack_sharing_enabled":true,"_links":{"self":[{"href":"https:\/\/www.golfcenteralmeria.com\/index.php?rest_route=\/wp\/v2\/pages\/185","targetHints":{"allow":["GET"]}}],"collection":[{"href":"https:\/\/www.golfcenteralmeria.com\/index.php?rest_route=\/wp\/v2\/pages"}],"about":[{"href":"https:\/\/www.golfcenteralmeria.com\/index.php?rest_route=\/wp\/v2\/types\/page"}],"author":[{"embeddable":true,"href":"https:\/\/www.golfcenteralmeria.com\/index.php?rest_route=\/wp\/v2\/users\/1"}],"replies":[{"embeddable":true,"href":"https:\/\/www.golfcenteralmeria.com\/index.php?rest_route=%2Fwp%2Fv2%2Fcomments&post=185"}],"version-history":[{"count":2,"href":"https:\/\/www.golfcenteralmeria.com\/index.php?rest_route=\/wp\/v2\/pages\/185\/revisions"}],"predecessor-version":[{"id":320,"href":"https:\/\/www.golfcenteralmeria.com\/index.php?rest_route=\/wp\/v2\/pages\/185\/revisions\/320"}],"wp:attachment":[{"href":"https:\/\/www.golfcenteralmeria.com\/index.php?rest_route=%2Fwp%2Fv2%2Fmedia&parent=185"}],"curies":[{"name":"wp","href":"https:\/\/api.w.org\/{rel}","templated":true}]}}