{"id":181,"date":"2020-07-30T07:42:01","date_gmt":"2020-07-30T07:42:01","guid":{"rendered":"http:\/\/s829868843.mialojamiento.es\/?page_id=181"},"modified":"2021-11-15T08:39:53","modified_gmt":"2021-11-15T08:39:53","slug":"por-que-comprar","status":"publish","type":"page","link":"https:\/\/www.golfcenteralmeria.com\/?page_id=181","title":{"rendered":"\u00bf POR QUE COMPRAR ?"},"content":{"rendered":"\r\n<h2 class=\"wp-block-heading\">COMPRAR EN GOLF CENTER ALMERIA<\/h2>\r\n\r\n\r\n\r\n<p><strong>I. Condiciones<\/strong> Estas condiciones de compra son las \u00fanicas aplicables y entendemos que han sido le\u00eddas y aceptadas por el comprador que realice un pedido en Golf Center Almeria <strong>II. Realizaci\u00f3n de un pedido<\/strong> El comprador podr\u00e1 realizar su pedido en cualquiera de las siguientes formas: (a) F\u00edsicamente en nuestra tienda situada en el club de Golf La Envia , Avd de La Envia S\/N 04727 Vicar Almeria (b) Por Internet en nuestra web <a href=\"https:\/\/www.golfcenteralmeria.com\">www.golfcenteralmeria.com<\/a> (24 horas, 365 d\u00edas al a\u00f1o) (c) Por tel\u00e9fono en el 950 04 30 99 (Lunes a Viernes, de 10:00 a 14:00 y de 16:00 a 20:00) (d) Por correo electr\u00f3nico tienda@golfcenteralmeria.com, indicando el articulo y la forma de pago elegida (24h\/d\u00eda, 365 d\u00edas al a\u00f1o) <strong>III. Precios<\/strong> Todos los precios de venta indicados en nuestra p\u00e1gina web se muestran en euros e incluyen el IVA. Golf Center Almeria se reserva el derecho de modificar sus precios en cualquier momento. Adicionalmente Golf Center Almeria podr\u00e1 aplicar descuentos, promociones o bonos especiales con una vigencia limitada. Golf Center Almeria se compromete a aplicar las tarifas en vigor indicadas en la p\u00e1gina web, salvo error u omisi\u00f3n, en el momento de la realizaci\u00f3n de su pedido. <strong>IV. Disponibilidad del producto<\/strong> Si alguno de los productos que compre en Golf Center Almeria no estuviera disponible para su entrega en el plazo estipulado, Golf Center Almeria se compromete a informarle (mediante un correo electr\u00f3nico o llamada telef\u00f3nica) del plazo en que podremos enviarle su producto o, en caso de no ser posible la obtenci\u00f3n del producto, se le reembolsar\u00e1 el pago \u00f3 bien le ofreceremos una alternativa al producto adquirido. En caso de que el producto sustitutivo no sea de la satisfacci\u00f3n del cliente se proceder\u00e1 a la devoluci\u00f3n del pago del pedido En ning\u00fan caso, el comprador podr\u00e1 pedir responsabilidades de ning\u00fan tipo a Golf Center Almeria por los posibles retrasos en la entrega por parte de la agencia de transporte o bien por roturas de stock de los fabricantes. Golf Center Almeria pondr\u00e1 todo su esfuerzo para la r\u00e1pida soluci\u00f3n de cada incidencia. <strong>V. Env\u00edos<\/strong> Nuestros precios de env\u00edo son, tan s\u00f3lo 6 euros para env\u00edos a Espa\u00f1a peninsular y 12 euros a Baleares. Pida el material que pida, nunca se cobrar\u00e1 m\u00e1s de esta cantidad por el transporte. Golf Center Almerial env\u00eda todos sus productos mediante las empresas de transporte Envialia y puntualmente otras empresas de paqueteria. Alternativamente, el comprador tambi\u00e9n podr\u00e1 recoger su pedido, si as\u00ed lo desea, en nuestra tienda del Club de Golf La Envia o bien enviar a su propia empresa de transportes para realizar la recogida. Nuestro horario es de lunes a domingo de 09:00 a 18:00 .Le recomendamos llamar previamente para garantizar la disponibilidad de su producto. Enviamos a cualquier destino de la Pen\u00ednsula Ib\u00e9rica (Espa\u00f1a y Portugal), y Baleares. El comprador recibir\u00e1 por correo electr\u00f3nico el n\u00famero de seguimiento de su pedido por parte de la empresa de transporte el d\u00eda previo a recibir su material. En los casos de rotura durante el transporte es imprescindible que nos lo comunique por correo a <a href=\"mailto:golfcenteralmeria@gmail.com\">golfcenteralmeria@gmail.com<\/a> \u00f3 telef\u00f3nicamente el mismo d\u00eda de haber recibido la mercanc\u00eda y anotar las incidencias en el albar\u00e1n de entrega del transportista. Recuerde no tirar nunca el embalaje de los productos hasta comprobar que se encuentran en perfecto estado. Antes de abrir el producto, le rogamos que verifique que todos los productos coinciden con los que usted pidi\u00f3 (Modelo, Color, Medida, Acabado, etc&#8230;), haciendo una reclamaci\u00f3n inmediata, en caso de que haya alguna anomal\u00eda. En caso de anomal\u00eda en alg\u00fan producto, le rogamos no lo saque de su embalaje original. No enviamos a apartados de correos ni a oficinas de empresas de transporte, s\u00f3lo a direcciones de clientes. Nuestros tiempos de entrega son de 1-2 d\u00edas laborables en productos en stock (en este caso la disponibilidad de dos d\u00edas siempre viene indicada en el producto), \u00f3 o de 5 a 15 d\u00edas laborables en producto para pedido de encargo o sin stock. En determinados productos con opciones a medida, zurdo y\/o trabajo de taller, el periodo de entrega puede ser superior con tiempos de 15 a 45 d\u00edas laborables. El cliente recibir\u00e1 un mail de env\u00edo de su pedido el d\u00eda previo a su recepci\u00f3n. La entrega se realiza de lunes a viernes en horario de 8:00 a 20:00, no podemos garantizar una hora concreta ni el transportista llama antes de la entrega, le recomendamos poner en el apartado observaciones los horarios preferidos pero recuerde que la entrega no se puede garantizar en una franja horaria determinada. Si los plazos estipulados se sobrepasan el cliente tendr\u00e1 derecho a cancelar su pedido y que se le devuelva el importe abonado. La empresa de transporte realiza dos intentos de entrega, en caso de siguientes intentos o cambios de direcci\u00f3n los gastos corren siempre a cuenta del cliente. <strong>VI. Formas de Pago<\/strong> Golf Center Almeria pone a su servicio pr\u00e1cticamente todos los medios de pago. El comprador podr\u00e1 elegir entre las siguientes modalidades para realizar el pago de su pedido: &#8211; Pago en efectivo o tarjeta f\u00edsicamente en nuestra tienda del club de Golf La Envia (Almeria) &#8211; Tarjetas de cr\u00e9dito (Visa, Mastercard, 4B y Amex). Mediante pasarela de pago segura con La Caixa. Es un sistema altamente seguro por lo que solo se aceptar\u00e1n tarjetas autorizadas para el pago. En la parte inferior derecha del navegador podr\u00e1 comprobar un candado cerrado indicativo del m\u00e1ximo nivel de seguridad y privacidad del proceso de cobro. &#8211; PayPal, sistema de pago seguro por Internet &#8211; Ingreso en cuenta o transferencia bancaria a nuestra cuenta de La Caixa. Las instrucciones se le facilitar\u00e1n en el correo electr\u00f3nico de confirmaci\u00f3n de pedido. Cuenta de La Caixa: (IBAN ES08) 2100 6269 9902 0004 9309 <strong>VII. Devoluci\u00f3n<\/strong> De acuerdo a lo establecido en la legislaci\u00f3n espa\u00f1ola, el Cliente dispone del Derecho de Desistimiento, en virtud del cual podr\u00e1 devolver el producto recibido si comprueba que no se ajusta a sus expectativas. El comprador dispone de siete d\u00edas para devolver un producto con el que no est\u00e9 satisfecho, con los gastos de transporte a su cargo, esta norma se ampliar\u00e1 a catorce d\u00edas tras la aprobaci\u00f3n de la nueva norma de la UE. Dentro de este plazo, podr\u00e1 devolver dicho producto junto con la copia de la factura correspondiente al pedido (imprescindible). Pasado este plazo no se aceptar\u00e1n devoluciones excepto expreso acuerdo de Golf Center Almeria. En caso de realizar una devoluci\u00f3n fuera de plazo, el cliente deber\u00e1 abonar los nuevos gastos de retorno del producto. El producto deber\u00e1 encontrarse en perfecto estado y en ning\u00fan caso Golf Center Almeria ser\u00e1 responsable de los desperfectos o perdidas que puedan ocurrir en el transcurso de una devoluci\u00f3n por parte del cliente. Nuestros productos vienen detalladamente explicados en cada p\u00e1gina de la web, las fotograf\u00edas son meramente descriptivas, pudiendo haber diferencia en las tonalidades de productos o elementos de la imagen. Todos los productos deben devolverse en su embalaje original y en perfectas condiciones. Todas las etiquetas y envoltorios deben estar intactos. Golf Center Almeria s\u00f3lo aceptar\u00e1 los productos que sean enviados con su embalaje original, completo, nuevo y en perfecto estado. No se aceptar\u00e1n art\u00edculos que hayan sido enviados incompletos, estropeados, montados o sucios por parte del comprador, as\u00ed como cabezas de palos sin su pl\u00e1stico protector o que presenten roces por uso, ni ropa que no venga en perfecto estado y con su embalaje original de la marca. No se aceptan devoluciones de productos electr\u00f3nicos que hayan sido abiertos y manipulados. Una vez revisado por nuestro servicio de recepci\u00f3n de mercanc\u00eda y si todo est\u00e1 correcto, se proceder\u00e1 a devolver el importe pagado de las siguientes formas: &#8211; Pagos por Paypal se reembolsar\u00e1n mediante Paypal &#8211; Pagos por transferencia o ingreso en cuenta se reembolsar\u00e1n por transferencia bancaria a la cuenta que indique el cliente &#8211; Pagos por tarjeta de cr\u00e9dito se reembolsar\u00e1n en la misma tarjeta utilizada Golf Center Almeria no aceptar\u00e1 devoluciones de productos encargados a medida al fabricante, son de aquellos \u00abbajo pedido\u00bb de los que no dispongamos en stock y (en los de stock se indica entrega en 1-2 d\u00edas) que se piden bajo especificaciones al fabricante y por orden del cliente, montados con especificaciones del cliente \u00f3 palos con varillas diferentes a dureza Regular \u00f3 Stiff (X-Stiff, Lady y Senior se montan a medida). Los art\u00edculos de electr\u00f3nica, s\u00f3lo se cambiar\u00e1n en caso de defecto y por el mismo art\u00edculo. Todas las devoluciones de productos junto con su embalaje original deber\u00e1n dirigirse a la siguiente direcci\u00f3n a portes pagados: Golf Center Almeria Avd de La Envia s\/n 04727 Vicar Almeria, incluyendo el documento de desisitimiento entregado con el producto En las devoluciones de los productos adquiridos en nuestra tienda f\u00edsica Vicar se dar\u00e1 al cliente un vale con la cantidad del producto para descontar en una compra posterior y v\u00e1lido por un mes. No se realizan devoluciones de las cantidades pagadas. En productos encargados en la tienda \u00abbajo pedido\u00bb no se aceptan devoluciones <strong>VIII. Garant\u00edas<\/strong> Todos los productos vendidos en nuestra web tienen una garant\u00eda m\u00ednima de dos a\u00f1os de la marca. Golf Center Almeria gestionar\u00e1 cualquier reclamaci\u00f3n del cliente directamente con el fabricante siendo \u00e9ste \u00faltimo el que emite el dictamen respecto a la pol\u00edtica y an\u00e1lisis de roturas. El cliente, si lo desea, puede gestionar tambi\u00e9n directamente las reclamaciones con el fabricante En caso de defectos y deterioros debidos a circunstancias exteriores, accidentes, especialmente el\u00e9ctricos, desgastes, instalaci\u00f3n y utilizaci\u00f3n no conforme a las instrucciones del fabricante, se excluye cualquier garant\u00eda. Tambi\u00e9n se excluyen de la garant\u00eda los productos modificados, reparados por el comprador o cualquier otra persona no autorizada por el fabricante. Ley 01\/2007, de 16 de noviembre, de Ley General para la Defensa de los Consumidores y Usuarios y otras leyes complementarias Se responde de las faltas de conformidad que se manifiesten en un plazo de dos a\u00f1os desde la entrega. Salvo prueba en contrario, se presumir\u00e1 que las faltas de conformidad que se manifiesten en los seis meses posteriores a la entrega ya exist\u00edan cuando la cosa se entreg\u00f3, excepto cuando esta presunci\u00f3n sea incompatible con la naturaleza del bien o la \u00edndole de la falta de conformidad. Disponemos de hojas de reclamaciones a disposici\u00f3n de los clientes en nuestras instalaciones de Alcobendas <strong>IX. Impuestos aplicados<\/strong> Golf Center Almeria aplica el IVA del 21% en todos sus productos. No aplicamos exenci\u00f3n de IVA a residentes en Canarias, Ceuta, Melilla o pa\u00edses diferentes a Espa\u00f1a. El cliente deber\u00e1 gestionar su devoluci\u00f3n de IVA con al entidad fiscal correspondiente de su territorio utilizando la factura emitida por Golf Center Almeria<\/p>\r\n","protected":false},"excerpt":{"rendered":"<p>COMPRAR EN GOLF CENTER ALMERIA I. Condiciones Estas condiciones de compra son las \u00fanicas aplicables y entendemos que han sido le\u00eddas y aceptadas por el comprador que realice un pedido en Golf Center Almeria II. Realizaci\u00f3n de un pedido El comprador podr\u00e1 realizar su pedido en cualquiera de las siguientes formas: (a) F\u00edsicamente en nuestra<\/p>\n","protected":false},"author":1,"featured_media":0,"parent":0,"menu_order":0,"comment_status":"closed","ping_status":"closed","template":"","meta":{"footnotes":""},"class_list":["post-181","page","type-page","status-publish","hentry"],"jetpack-related-posts":[],"jetpack_sharing_enabled":true,"_links":{"self":[{"href":"https:\/\/www.golfcenteralmeria.com\/index.php?rest_route=\/wp\/v2\/pages\/181","targetHints":{"allow":["GET"]}}],"collection":[{"href":"https:\/\/www.golfcenteralmeria.com\/index.php?rest_route=\/wp\/v2\/pages"}],"about":[{"href":"https:\/\/www.golfcenteralmeria.com\/index.php?rest_route=\/wp\/v2\/types\/page"}],"author":[{"embeddable":true,"href":"https:\/\/www.golfcenteralmeria.com\/index.php?rest_route=\/wp\/v2\/users\/1"}],"replies":[{"embeddable":true,"href":"https:\/\/www.golfcenteralmeria.com\/index.php?rest_route=%2Fwp%2Fv2%2Fcomments&post=181"}],"version-history":[{"count":3,"href":"https:\/\/www.golfcenteralmeria.com\/index.php?rest_route=\/wp\/v2\/pages\/181\/revisions"}],"predecessor-version":[{"id":1436,"href":"https:\/\/www.golfcenteralmeria.com\/index.php?rest_route=\/wp\/v2\/pages\/181\/revisions\/1436"}],"wp:attachment":[{"href":"https:\/\/www.golfcenteralmeria.com\/index.php?rest_route=%2Fwp%2Fv2%2Fmedia&parent=181"}],"curies":[{"name":"wp","href":"https:\/\/api.w.org\/{rel}","templated":true}]}}