{"id":175,"date":"2020-07-30T07:34:50","date_gmt":"2020-07-30T07:34:50","guid":{"rendered":"http:\/\/s829868843.mialojamiento.es\/?page_id=175"},"modified":"2020-07-30T07:34:50","modified_gmt":"2020-07-30T07:34:50","slug":"aviso-legal","status":"publish","type":"page","link":"https:\/\/www.golfcenteralmeria.com\/?page_id=175","title":{"rendered":"Aviso legal"},"content":{"rendered":"\n<h1 class=\"wp-block-heading\">Aviso Legal<\/h1>\n\n\n\n<p>El presente aviso legal establece las condiciones de uso del sitio web www.golfcenteralmeria.com que el propietario-registrante, Jos\u00e9 Manuel Ruiz, con domicilio en Almer\u00eda, Espa\u00f1a, pone a disposici\u00f3n de los usuarios de Internet. <strong>Aceptaci\u00f3n<\/strong> El acceso al sitio web www.golfcenteralmeria.com atribuye la condici\u00f3n de usuario e implica la aceptaci\u00f3n plena y sin reservas por parte del usuario, de todas y cada una de las condiciones incluidas en este Aviso legal. El contenido del presente del Aviso legal puede sufrir modificaciones, por lo que su aceptaci\u00f3n por parte del usuario, ser\u00e1 respecto de la versi\u00f3n del Aviso legal publicado en la presente p\u00e1gina web de www.golfcenteralmeria.com en el momento en el que el usuario acceda al sitio web. En consecuencia, cada vez que el usuario acceda al sitio web, deber\u00e1 leer atentamente el presente Aviso legal. <strong>Condiciones de uso<\/strong> El usuario se compromete a hacer uso de las utilidades y\/o servicios ofrecidos a trav\u00e9s del sitio web www.golfcenteralmeria.com de conformidad con la ley, este Aviso legal, las condiciones particulares publicadas para ciertos servicios y dem\u00e1s avisos e instrucciones puestos en su conocimiento, as\u00ed como con la moral y las buenas costumbres generalmente aceptadas y el orden p\u00fablico. Todas las marcas, nombres comerciales o signos distintivos de cualquier clase que aparecen en el sitio web www.golfcenteralmeria.com que se identifiquen, son propiedad privada de los propietarios de los mismos, por lo que el usuario deber\u00e1 respetar los derechos de explotaci\u00f3n de propiedad intelectual sobre los contenidos de este sitio web tal y como consta en el \u201ccopyright\u201d, por lo que no podr\u00e1n ser utilizados por el usuario m\u00e1s all\u00e1 de lo que sea imprescindible para el acceso a las utilidades y servicios suministrados a trav\u00e9s del sitio web, salvo autorizaci\u00f3n expresa del propietario del mismo. El usuario se compromete a no reproducir, copiar, distribuir, realizar actos de comunicaci\u00f3n p\u00fablica, transformar o modificar los contenidos del sitio web, incluidos marcas, nombres comerciales o signos distintivos, a menos que cuente con la autorizaci\u00f3n del titular de los derechos, ni a suprimir manipular o de cualquier forma alterar el \u201ccopyright\u201d y dem\u00e1s datos identificativos de la reserva de derechos. El usuario debe abstenerse de obtener o intentar obtener los contenidos empleando para ello mecanismos distintos de los que, en su caso, se hayan puesto a su disposici\u00f3n o, en general, de los que se empleen habitualmente en Internet siempre que, estos \u00faltimos, no entra\u00f1en un riesgo de da\u00f1o o inutilizaci\u00f3n del sitio web y \/o sus contenidos. Para acceder a la informaci\u00f3n contenida en el sitio web y hacer uso de los de los servicios ofrecidos, los menores de edad deben obtener previamente permiso de sus padres, tutores o representantes legales. La responsabilidad en la determinaci\u00f3n de los contenidos y servicios a los que acceden los menores de edad corresponde a las personas a cuyo cargo se encuentran. Como a trav\u00e9s de Internet es posible acceder a contenidos que pueden ser inapropiados para menores, se informa a los usuarios de la existencia de programas inform\u00e1ticos que permiten limitar o controlar los contenidos a los que pueden acceder los menores. <strong>Exclusi\u00f3n de responsabilidad y l\u00edmite de garant\u00edas<\/strong> Los datos, textos, informaciones, condiciones, gr\u00e1ficos o v\u00ednculos publicado en el sitio web www.golfcenteralmeria.com, son recopilados con efectos meramente informativos para todas aquellas personas interesadas en los mismos sin que, su acceso, genere relaci\u00f3n comercial, contractual o profesional entre los usuarios y www.golfcenteralmeria.com . En caso de discrepancia entre la informaci\u00f3n contenida en el sitio web y la contenida en papel, se estar\u00e1 a esta \u00faltima. Se advierte al usuario que antes de realizar cualquier acci\u00f3n derivada del contenido del sitio web, verifique la informaci\u00f3n obtenida poni\u00e9ndose en contacto con el propietario del sitio web correspondiente. www.golfcenteralmeria.com no garantiza la veracidad, exactitud, exhaustividad y actualidad de los Contenidos. www.golfcenteralmeria.com excluye, con toda la extensi\u00f3n permitida por el ordenamiento jur\u00eddico, cualquier responsabilidad por los da\u00f1os y perjuicios de toda naturaleza que puedan deberse a la falta de veracidad, exactitud, exhaustividad y\/o actualidad de los contenidos. El propietario del sitio web www.golfcenteralmeria.com excluye, con toda la extensi\u00f3n permitida por el ordenamiento jur\u00eddico, cualquier responsabilidad por da\u00f1os y perjuicios producidos o que puedan producirse en el futuro, por defectos t\u00e9cnicos, cualquiera que sea su naturaleza, que se deriven del uso de la informaci\u00f3n y de las materias contenidas en la web. Los enlaces e hipertexto que, en su caso, posibiliten el acceso a trav\u00e9s del sitio web a prestaciones y servicios ofrecidos por terceros, no pertenecen ni se encuentran bajo el control del propietario del sitio web www.golfcenteralmeria.com, por lo que www.golfcenteralmeria.com no se hace responsable ni de la informaci\u00f3n contenida en los mismos ni de cualesquiera efectos que pudieran derivarse de dicha informaci\u00f3n. El propietario del sitio web www.golfcenteralmeria.com no se hace responsable del incumplimiento de cualquier norma aplicable en que pueda incurrir el usuario en su acceso al sitio web y\/o utilizaci\u00f3n de las informaciones contenidas en la misma. Tampoco se hace responsable del uso ileg\u00edtimo que terceras personas puedan hacer de los nombres de marca, nombres de producto, marcas comerciales registradas o no que, no siendo propiedad del propietario de www.golfcenteralmeria.com, aparezcan en el sitio web. www.golfcenteralmeria.com no garantiza la continuidad del funcionamiento y la disponibilidad del sitio web no obstante lo cual, y en la medida de lo posible, advertir\u00e1 de las interrupciones que conozca con car\u00e1cter previo a que concurran. www.golfcenteralmeria.com no controla ni garantiza la ausencia de virus ni de otro elemento en los servicios prestados por terceros a los que el usuario acceda a trav\u00e9s del sitio web, que puedan producir fallo, o alteraciones en su software o hardware, documentos y ficheros almacenados en su sistema inform\u00e1tico. <strong>Suscripci\u00f3n de servicios<\/strong> Con car\u00e1cter general el acceso a las utilidades del sitio web no exige previa suscripci\u00f3n o registro de usuario. No obstante lo anterior, el acceso a alguno de los servicios que se ofrezcan a trav\u00e9s del sitio web, puede estar condicionado a la previa cumplimentaci\u00f3n del formulario de suscripci\u00f3n. A estos efectos el usuario garantiza la autenticidad y veracidad de todos aquellos datos que comunique al cumplimentar el\/los formulario\/s de suscripci\u00f3n. El usuario se compromete y responsabiliza de mantener toda la informaci\u00f3n facilitada de forma que responda, en cada momento, a su situaci\u00f3n real. <strong>Hiperv\u00ednculos<\/strong> En caso de que el usuario desee incluir en un sitio web un hiperv\u00ednculo al sitio web www.golfcenteralmeria.com, dicho hiperv\u00ednculo no podr\u00e1 dar lugar a confusi\u00f3n alguna respecto a la ausencia de vinculaci\u00f3n entre www.golfcenteralmeria.com. y el propio usuario, ni podr\u00e1 inducir a creer que cualquiera de los contenidos del sitio web del usuario han sido realizados por o cuentan con la aprobaci\u00f3n o el soporte de www.golfcenteralmeria.com. El usuario deber\u00e1 establecer el hiperv\u00ednculo de forma que los usuarios de Internet que lo utilicen accedan y vean el contenido \u00edntegro y la configuraci\u00f3n que tenga en ese momento el sitio web www.golfcenteralmeria.com , sin que dicho contenido, ni en todo ni en parte, aparezca enmarcado por el sitio web en el que se incluya el hiperv\u00ednculo o por cualquiera de los contenidos de \u00e9ste y sin que el contenido del sitio www.golfcenteralmeria.com aparezca inserto, superpuesto o aparezca de cualquier forma junto con otros contenidos, ya sean informativos, publicitarios o de cualquier otro tipo que no sean los propios del sitio web de www.golfcenteralmeria.com o sus filiales. En este sentido, no se realizar\u00e1n operaciones de \u201cframing\u201d ni cualquier otra operaci\u00f3n que impida a los usuarios de Internet que utilicen el hiperv\u00ednculo poder ver el sitio web www.golfcenteralmeria.com en las mismas condiciones en las que lo ver\u00eda cualquier otro usuario que hubiera tenido acceso al mismo directamente. El usuario se abstendr\u00e1 de realizar cualquier actuaci\u00f3n que pudiera resultar en una desviaci\u00f3n de tr\u00e1fico del sitio www.golfcenteralmeria.com. En particular, el usuario se abstendr\u00e1 de introducir, ya sea como metatag o de otra forma en el c\u00f3digo fuente de su sitio web cualquier palabra clave que identifique un contenido o producto propio de www.golfcenteralmeria.com y cuya inclusi\u00f3n no resulte justificada por la existencia de contenidos o productos similares del usuario. El usuario no incluir\u00e1 en su sitio web contenidos, v\u00ednculos, publicidad o cualquier otro material que pudieran da\u00f1ar la imagen de www.golfcenteralmeria.com, incluyendo, en particular, aquellos materiales: (1) contrarios a la Ley, (2) que infrinjan derechos de terceros, (3) que denigren los productos de www.golfcenteralmeria.com o de sus proveedores o competidores, (4) sexuales o violentos, (5) que promuevan cualquier tipo de discriminaci\u00f3n racial, sexual, religiosa, de edad o de orientaci\u00f3n sexual, (6) cualquier otro contenido que a libre criterio de www.golfcenteralmeria.com no resulte compatible con los derechos, imagen o intereses del propio www.golfcenteralmeria.com.<\/p>\n","protected":false},"excerpt":{"rendered":"<p>Aviso Legal El presente aviso legal establece las condiciones de uso del sitio web www.golfcenteralmeria.com que el propietario-registrante, Jos\u00e9 Manuel Ruiz, con domicilio en Almer\u00eda, Espa\u00f1a, pone a disposici\u00f3n de los usuarios de Internet. Aceptaci\u00f3n El acceso al sitio web www.golfcenteralmeria.com atribuye la condici\u00f3n de usuario e implica la aceptaci\u00f3n plena y sin reservas por<\/p>\n","protected":false},"author":1,"featured_media":0,"parent":0,"menu_order":0,"comment_status":"closed","ping_status":"closed","template":"","meta":{"footnotes":""},"class_list":["post-175","page","type-page","status-publish","hentry"],"jetpack-related-posts":[],"jetpack_sharing_enabled":true,"_links":{"self":[{"href":"https:\/\/www.golfcenteralmeria.com\/index.php?rest_route=\/wp\/v2\/pages\/175","targetHints":{"allow":["GET"]}}],"collection":[{"href":"https:\/\/www.golfcenteralmeria.com\/index.php?rest_route=\/wp\/v2\/pages"}],"about":[{"href":"https:\/\/www.golfcenteralmeria.com\/index.php?rest_route=\/wp\/v2\/types\/page"}],"author":[{"embeddable":true,"href":"https:\/\/www.golfcenteralmeria.com\/index.php?rest_route=\/wp\/v2\/users\/1"}],"replies":[{"embeddable":true,"href":"https:\/\/www.golfcenteralmeria.com\/index.php?rest_route=%2Fwp%2Fv2%2Fcomments&post=175"}],"version-history":[{"count":1,"href":"https:\/\/www.golfcenteralmeria.com\/index.php?rest_route=\/wp\/v2\/pages\/175\/revisions"}],"predecessor-version":[{"id":178,"href":"https:\/\/www.golfcenteralmeria.com\/index.php?rest_route=\/wp\/v2\/pages\/175\/revisions\/178"}],"wp:attachment":[{"href":"https:\/\/www.golfcenteralmeria.com\/index.php?rest_route=%2Fwp%2Fv2%2Fmedia&parent=175"}],"curies":[{"name":"wp","href":"https:\/\/api.w.org\/{rel}","templated":true}]}}