{"id":170,"date":"2020-07-30T07:29:05","date_gmt":"2020-07-30T07:29:05","guid":{"rendered":"http:\/\/s829868843.mialojamiento.es\/?page_id=170"},"modified":"2020-07-30T07:29:05","modified_gmt":"2020-07-30T07:29:05","slug":"politica-de-privacidad","status":"publish","type":"page","link":"https:\/\/www.golfcenteralmeria.com\/?page_id=170","title":{"rendered":"Politica de privacidad"},"content":{"rendered":"\n<p>Pol\u00edtica de privacidad de Golf Center Almer\u00eda<\/p>\n\n\n\n<p>Esta p\u00e1gina web es propiedad de Golf Center Almer\u00eda. Somos conscientes de que son muchos los visitantes que se preocupan por la informaci\u00f3n que nos proporcionan y el tratamiento que damos a dicha informaci\u00f3n. Por ese motivo hemos desarrollado una Pol\u00edtica de Privacidad que hace frente a tales preocupaciones. Es posible que actualicemos esta Pol\u00edtica cada cierto tiempo, por eso les rogamos que la revisen peri\u00f3dicamente. Golf Center Almer\u00eda reconoce su obligaci\u00f3n para con sus clientes, la comunidad y quienes nos visitan online de adherirse a las m\u00e1s elevadas normas de honradez, justicia e integridad en todas sus operaciones. Asimismo, Golf Center Almer\u00eda est\u00e1 plenamente entregado a los principios fundamentales de la protecci\u00f3n de la intimidad del consumidor en Internet, especialmente cuando se trata de ni\u00f1os. Apoyamos la autorregulaci\u00f3n activa de este nuevo entorno para garantizar que los comerciantes responsables puedan mantener el derecho a hacer uso de todos los medios de comunicaci\u00f3n para interaccionar con sus clientes.<\/p>\n\n\n\n<h2 class=\"wp-block-heading\">Qu\u00e9 informaci\u00f3n recabamos y qu\u00e9 hacemos con ella<\/h2>\n\n\n\n<p>En nuestra web no recabamos informaci\u00f3n personal identificable a menos que sean las personas quienes nos faciliten, de forma consciente y voluntaria, tal informaci\u00f3n. No exigimos a nuestros clientes que nos faciliten dicha informaci\u00f3n para poder acceder a ninguna de nuestras p\u00e1ginas. Sin embargo, cabe la posibilidad de que tenga que facilitar informaci\u00f3n personal para poder participar en algunos de los programas que se ofrecen en la p\u00e1gina web de Golf Center Almer\u00eda. Si se registra para poder utilizar determinadas caracter\u00edsticas especiales, empleamos la informaci\u00f3n que nos facilita con el \u00fanico fin de proporcionarle los servicios que ha solicitado. Si al registrarse accede a que nos pongamos en contacto con usted o a que sus datos se introduzcan en una lista de correo, es posible que espor\u00e1dicamente contactemos con usted. Si lo desea puede cambiar sus preferencias en cuanto a los contactos de seguimiento envi\u00e1ndonos un mensaje a la direcci\u00f3n de correo electr\u00f3nico que le daremos a continuaci\u00f3n. En determinadas p\u00e1ginas de nuestra web le pediremos cierta informaci\u00f3n personal identificable, como su nombre y n\u00famero de tel\u00e9fono. S\u00f3lo empleamos esta informaci\u00f3n si necesitamos ponernos en contacto con usted directamente en caso de que nuestros intentos de ponernos en contacto mediante correo electr\u00f3nico no tuvieran \u00e9xito. No utilizamos la informaci\u00f3n internamente para otros fines, y no la compartimos con nadie ajeno a Golf Center Almer\u00eda. Tan solo utilizamos su direcci\u00f3n de correo electr\u00f3nico para responder a los mensajes que usted nos env\u00ede, a menos que usted nos d\u00e9 su permiso.<\/p>\n\n\n\n<h2 class=\"wp-block-heading\">COOKIES<\/h2>\n\n\n\n<p>Golf Center Almer\u00eda utiliza \u201ccookies\u201d para obtener informaci\u00f3n no personal de las personas que nos visitan online. Las cookies son archivos de informaci\u00f3n que su navegador deja en su ordenador cuando visita una p\u00e1gina web. La mayor parte de los navegadores aceptan las cookies de forma autom\u00e1tica, pero es posible configurarlos para que no las acepten o para indicar cu\u00e1ndo se procede al env\u00edo de una cookie. De este proceso no se extrae informaci\u00f3n personal, y nunca facilitamos a terceros la informaci\u00f3n recabada. Tampoco las utilizamos para ponernos en contacto con usted. Las cookies nos permiten personalizar su interfaz de usuario para acelerar el proceso de navegaci\u00f3n y que la experiencia en nuestra p\u00e1gina sea m\u00e1s eficaz. Si su navegador est\u00e1 configurado para no aceptar cookies, no le ser\u00e1 posible aprovechar determinadas caracter\u00edsticas de las p\u00e1ginas de Golf Center Almer\u00eda. Con el fin de permitirle el uso de nuestra cesta de la compra empleamos una sesi\u00f3n de cookies temporales. Estas cookies temporales se borrar\u00e1n cuando cierre el navegador. Hay otro tipo de cookies que su navegador puede almacenar en el ordenador. Cuando usted inicia la sesi\u00f3n, este tipo de cookies nos indican si ya nos visitado en otras ocasiones o si, por el contrario, se trata de un nuevo visitante. La cookie nos ayuda a identificar las caracter\u00edsticas de la p\u00e1gina en la que haya demostrado mayor inter\u00e9s para que podamos ofrecerle m\u00e1s contenidos de ese tipo.<\/p>\n\n\n\n<h2 class=\"wp-block-heading\">Enlaces<\/h2>\n\n\n\n<p>La p\u00e1gina web de Golf Center Almer\u00eda puede contener enlaces a otras p\u00e1ginas. En Golf Center Almer\u00eda nos esforzamos por poner tan solo enlaces a otras p\u00e1ginas web que compartan nuestras elevadas normas de honradez, justicia e integridad. Asimismo, hacemos lo posible por asegurarnos de que dichos enlaces resultan seguros para todo el mundo, pero las pr\u00e1cticas sobre privacidad y recogida de informaci\u00f3n de las p\u00e1ginas cuyos enlaces ponemos son completamente ajenas a Golf Center Almer\u00eda y no se hallan cubiertas por esta Pol\u00edtica de Privacidad. Cabe tambi\u00e9n la posibilidad de que ciertas p\u00e1ginas con contenido no adecuado para ni\u00f1os pongan enlaces a la web de Golf Center Almer\u00eda sin el conocimiento ni el consentimiento de Golf Center Almer\u00eda. Golf Center Almer\u00eda no se responsabiliza del contenido, las pol\u00edticas o las actividades de tales p\u00e1ginas.<\/p>\n\n\n\n<h2 class=\"wp-block-heading\">Seguridad<\/h2>\n\n\n\n<p>Golf Center Almer\u00eda ha tomado las medidas oportunas para garantizar la seguridad de toda la informaci\u00f3n que recibimos de nuestros visitantes frente al acceso y el uso no autorizados. La informaci\u00f3n personal de nuestros visitantes se conserva en la base de datos segura de Golf Center Almer\u00eda. Toda la informaci\u00f3n recibida de nuestros clientes est\u00e1 protegida por nuestras medidas de seguridad, medidas que se someten a revisiones peri\u00f3dicas. A pesar de todo, debe tener presente que ninguna de las transmisiones que se realizan a trav\u00e9s de Internet es 100% segura y que existe la posibilidad de que cualquier informaci\u00f3n que se revele online sea recabada y utilizada por entidades ajenas al receptor al cual va dirigida.<\/p>\n\n\n\n<h2 class=\"wp-block-heading\">Modificaciones y actualizaci\u00f3n de la Pol\u00edtica de Privacidad<\/h2>\n\n\n\n<p>El contenido y las caracter\u00edsticas de las p\u00e1ginas web de Golf Center Almer\u00eda est\u00e1n sujetos a actualizaciones, revisiones, modificaciones y complementos. Golf Center Almer\u00eda se reserva el derecho a modificar la informaci\u00f3n, caracter\u00edsticas, productos, pol\u00edticas, promociones, divulgaciones y descargos de responsabilidad en cualquier momento. Las modificaciones a la presente Pol\u00edtica de Privacidad se publicar\u00e1n en nuestras p\u00e1ginas web. No olvide verificar peri\u00f3dicamente si se han introducido cambios en la pol\u00edtica. Las fechas de las actualizaciones a la Pol\u00edtica de Privacidad figuran en la parte superior de \u00e9sta. Si sigue utilizando las p\u00e1ginas web de Golf Center Almer\u00eda una vez publicados los cambios a esta Pol\u00edtica de Privacidad significa que acepta dichos cambios.<\/p>\n\n\n\n<h2 class=\"wp-block-heading\">Modificaciones y acceso a la informaci\u00f3n personal<\/h2>\n\n\n\n<p>En caso de que facilite informaci\u00f3n a Golf Center Almer\u00eda podr\u00e1 corregirla, actualizarla y eliminar informaci\u00f3n personal de nuestra base de datos en cualquier momento envi\u00e1ndonos un correo electr\u00f3nico a Golf Center Almer\u00eda haciendo clic en el hiperv\u00ednculo \u201cContactar\u201d que se encuentra en la parte inferior de cada una de las p\u00e1ginas de Golf Center Almer\u00eda.<\/p>\n\n\n\n<h2 class=\"wp-block-heading\">Lista de coockies que recolectamos<\/h2>\n\n\n\n<p>La tabla a continuaci\u00f3n enumera las cookies que recopilamos y qu\u00e9 informaci\u00f3n almacenan.<\/p>\n\n\n\n<figure class=\"wp-block-table\"><table><thead><tr><th>COOKIE nombre<\/th><th>COOKIE descripci\u00f3n<\/th><\/tr><\/thead><tbody><tr><th>CART<\/th><td>La asociaci\u00f3n con su carrito de compras.<\/td><\/tr><tr><th>CATEGORY_INFO<\/th><td>Almacena la informaci\u00f3n de la categor\u00eda en la p\u00e1gina, que permite mostrar las p\u00e1ginas con mayor rapidez.<\/td><\/tr><tr><th>COMPARE<\/th><td>Los art\u00edculos que usted tiene en la lista de los productos Comparar.<\/td><\/tr><tr><th>CURRENCY<\/th><td>Su moneda preferida<\/td><\/tr><tr><th>CUSTOMER<\/th><td>Una versi\u00f3n cifrada de su identificador de cliente con la tienda.<\/td><\/tr><tr><th>CUSTOMER_AUTH<\/th><td>Un indicador si se registran actualmente en la tienda.<\/td><\/tr><tr><th>CUSTOMER_INFO<\/th><td>Una versi\u00f3n encriptada del grupo de clientes al que pertenece.<\/td><\/tr><tr><th>CUSTOMER_SEGMENT_IDS<\/th><td>Almacena el ID Segmento de clientes<\/td><\/tr><tr><th>EXTERNAL_NO_CACHE<\/th><td>Una bandera que indica si la cach\u00e9 est\u00e1 deshabilitada o no.<\/td><\/tr><tr><th>FRONTEND<\/th><td>Su ID de sesi\u00f3n en el servidor.<\/td><\/tr><tr><th>GUEST-VIEW<\/th><td>Permite a los hu\u00e9spedes a editar sus \u00f3rdenes.<\/td><\/tr><tr><th>LAST_CATEGORY<\/th><td>La \u00faltima categor\u00eda que visit\u00f3.<\/td><\/tr><tr><th>LAST_PRODUCT<\/th><td>El producto m\u00e1s reciente que ha visto.<\/td><\/tr><tr><th>NEWMESSAGE<\/th><td>Indica si se ha recibido un mensaje nuevo.<\/td><\/tr><tr><th>NO_CACHE<\/th><td>Indica si se permite el uso de memoria cach\u00e9.<\/td><\/tr><tr><th>PERSISTENT_SHOPPING_CART<\/th><td>Un enlace a la informaci\u00f3n sobre su carrito y ver la historia si ha solicitado el sitio.<\/td><\/tr><tr><th>POLL<\/th><td>El ID de ninguna encuesta que haya votado recientemente en.<\/td><\/tr><tr><th>POLLN<\/th><td>ILa informaci\u00f3n sobre lo que las encuestas que han votado.<\/td><\/tr><tr><th>RECENTLYCOMPARED<\/th><td>Los elementos que ha comparado recientemente.<\/td><\/tr><tr><th>STF<\/th><td>La informaci\u00f3n sobre productos que te han enviado por correo electr\u00f3nico a amigos.<\/td><\/tr><tr><th>STORE<\/th><td>La vista de tienda o el idioma que haya seleccionado.<\/td><\/tr><tr><th>USER_ALLOWED_SAVE_COOKIE<\/th><td>Indica si un cliente permitido el uso de las cookies.<\/td><\/tr><tr><th>VIEWED_PRODUCT_IDS<\/th><td>Los productos que se han visto recientemente.<\/td><\/tr><tr><th>WISHLIST<\/th><td>Una lista cifrada de productos a\u00f1adido a su lista de deseos.<\/td><\/tr><tr><th>WISHLIST_CNT<\/th><td>El n\u00famero de art\u00edculos en su lista de deseos.<\/td><\/tr><\/tbody><\/table><\/figure>\n","protected":false},"excerpt":{"rendered":"<p>Pol\u00edtica de privacidad de Golf Center Almer\u00eda Esta p\u00e1gina web es propiedad de Golf Center Almer\u00eda. Somos conscientes de que son muchos los visitantes que se preocupan por la informaci\u00f3n que nos proporcionan y el tratamiento que damos a dicha informaci\u00f3n. Por ese motivo hemos desarrollado una Pol\u00edtica de Privacidad que hace frente a tales<\/p>\n","protected":false},"author":1,"featured_media":0,"parent":0,"menu_order":0,"comment_status":"closed","ping_status":"closed","template":"","meta":{"footnotes":""},"class_list":["post-170","page","type-page","status-publish","hentry"],"jetpack-related-posts":[],"jetpack_sharing_enabled":true,"_links":{"self":[{"href":"https:\/\/www.golfcenteralmeria.com\/index.php?rest_route=\/wp\/v2\/pages\/170","targetHints":{"allow":["GET"]}}],"collection":[{"href":"https:\/\/www.golfcenteralmeria.com\/index.php?rest_route=\/wp\/v2\/pages"}],"about":[{"href":"https:\/\/www.golfcenteralmeria.com\/index.php?rest_route=\/wp\/v2\/types\/page"}],"author":[{"embeddable":true,"href":"https:\/\/www.golfcenteralmeria.com\/index.php?rest_route=\/wp\/v2\/users\/1"}],"replies":[{"embeddable":true,"href":"https:\/\/www.golfcenteralmeria.com\/index.php?rest_route=%2Fwp%2Fv2%2Fcomments&post=170"}],"version-history":[{"count":1,"href":"https:\/\/www.golfcenteralmeria.com\/index.php?rest_route=\/wp\/v2\/pages\/170\/revisions"}],"predecessor-version":[{"id":173,"href":"https:\/\/www.golfcenteralmeria.com\/index.php?rest_route=\/wp\/v2\/pages\/170\/revisions\/173"}],"wp:attachment":[{"href":"https:\/\/www.golfcenteralmeria.com\/index.php?rest_route=%2Fwp%2Fv2%2Fmedia&parent=170"}],"curies":[{"name":"wp","href":"https:\/\/api.w.org\/{rel}","templated":true}]}}